{"id":354,"date":"2025-11-06T09:07:53","date_gmt":"2025-11-06T08:07:53","guid":{"rendered":"https:\/\/www.celinastretz.de\/?page_id=354"},"modified":"2025-11-15T08:43:28","modified_gmt":"2025-11-15T07:43:28","slug":"aktiv-angebote","status":"publish","type":"page","link":"https:\/\/www.celinastretz.de\/?page_id=354","title":{"rendered":"AKTIV-Angebote"},"content":{"rendered":"\n<p class=\"has-medium-pink-color has-text-color has-link-color wp-elements-ceceb5e16b7f6c644f8e8ddd7d4f49eb\"><strong>Ganz NEU: Ihr findet mich nun auch auf Instagram: NaturRecyclingLiebe<\/strong><\/p>\n\n\n\n<p><\/p>\n\n\n\n<p>Workshops, Events, Aktionen um mit mir AKTIV zu werden!<\/p>\n\n\n\n<hr class=\"wp-block-separator has-text-color has-medium-pink-color has-alpha-channel-opacity has-medium-pink-background-color has-background is-style-wide\"\/>\n\n\n\n<p>\ud83e\udd73 Spezial-Angebot \ud83e\udd73#<strong>GuteLauneDruckWorkshop<\/strong>&nbsp;<\/p>\n\n\n\n<p class=\"has-small-font-size\">Zwei\/drei Stunden&nbsp;\u2026 bis zu vier Menschen \u2026 in Unterlengenhardt bei mir oder ich komme \u2026 Inkl. allen Materialien !!! \u2026 Termine nach Absprache&nbsp;<\/p>\n\n\n\n<p>\ud83e\udd29 80 \u20ac \ud83e\udd29<\/p>\n\n\n\n<hr class=\"wp-block-separator has-text-color has-medium-pink-color has-alpha-channel-opacity has-medium-pink-background-color has-background is-style-wide\"\/>\n\n\n\n<hr class=\"wp-block-separator has-text-color has-medium-pink-color has-alpha-channel-opacity has-medium-pink-background-color has-background is-style-wide\"\/>\n\n\n\n<p>Egal ob jung oder alt, \u201ebegabt\u201c oder noch nie was gemacht, drau\u00dfen, drinnen, bei mir oder dir, f\u00fcr eine Klasse oder Kinderggartengruppe f\u00fcr Freunde, Familie alles egal wir werden das richtige finden \u2026 ich habe eine gro\u00dfe&nbsp;<strong>Natur Recycling Liebe<\/strong>&nbsp;mit der ich dich sicher begeistern werde \u2026<\/p>\n\n\n\n<p><\/p>\n\n\n\n<p class=\"has-small-font-size\">Kosten: <br>60 \u20ac pro Stunde (bis zu 6 Menschen, weitere je 10 \u20ac)<br>+ 30 \u20ac Vor- und Nachbereitung<br>+ eventuelle Anfahrt<br>+ teilwei\u00dfe Zusatzmaterialkosten<br>= z.B. &#8222;Milcht\u00fcten&#8220;: 2 Stunden, 5 Menschen, bei mir, inkl. Material &gt; 150 \u20ac <br>= z.B. &#8222;Milcht\u00fcten&#8220;: 2 Stunden, 8 Menschen, bei mir, inkl. Material &gt; 190 \u20ac<br>= z.B. &#8222;Welt-Beste-Anz\u00fcnder&#8220;: 1 Stunde, 6 Menschen, bei mir, inkl. Material f\u00fcr 180 Anz\u00fcnder !!! &gt; 90 \u20ac<\/p>\n\n\n\n<p>Hier stelle ich nach und nach Beispiele von M\u00f6glichkeiten hinein:<\/p>\n\n\n<ul class=\"wp-block-latest-posts__list is-grid columns-3 wp-block-latest-posts\"><li><div class=\"wp-block-latest-posts__featured-image\"><img loading=\"lazy\" decoding=\"async\" width=\"300\" height=\"225\" src=\"https:\/\/www.celinastretz.de\/wp-content\/uploads\/2023\/11\/ff4998_30c1dde047634936bd25204d57712952mv2-300x225.webp\" class=\"attachment-medium size-medium wp-post-image\" alt=\"\" style=\"\" srcset=\"https:\/\/www.celinastretz.de\/wp-content\/uploads\/2023\/11\/ff4998_30c1dde047634936bd25204d57712952mv2-300x225.webp 300w, https:\/\/www.celinastretz.de\/wp-content\/uploads\/2023\/11\/ff4998_30c1dde047634936bd25204d57712952mv2-1024x768.webp 1024w, https:\/\/www.celinastretz.de\/wp-content\/uploads\/2023\/11\/ff4998_30c1dde047634936bd25204d57712952mv2-768x576.webp 768w, https:\/\/www.celinastretz.de\/wp-content\/uploads\/2023\/11\/ff4998_30c1dde047634936bd25204d57712952mv2-1536x1152.webp 1536w, https:\/\/www.celinastretz.de\/wp-content\/uploads\/2023\/11\/ff4998_30c1dde047634936bd25204d57712952mv2.webp 1600w\" sizes=\"auto, (max-width: 300px) 100vw, 300px\" \/><\/div><a class=\"wp-block-latest-posts__post-title\" href=\"https:\/\/www.celinastretz.de\/?p=351\">Durch den Wald > Erz\u00e4hlstab<\/a><\/li>\n<li><div class=\"wp-block-latest-posts__featured-image\"><img loading=\"lazy\" decoding=\"async\" width=\"300\" height=\"157\" src=\"https:\/\/www.celinastretz.de\/wp-content\/uploads\/2025\/01\/IMG_1528-300x157.jpeg\" class=\"attachment-medium size-medium wp-post-image\" alt=\"\" style=\"\" srcset=\"https:\/\/www.celinastretz.de\/wp-content\/uploads\/2025\/01\/IMG_1528-300x157.jpeg 300w, https:\/\/www.celinastretz.de\/wp-content\/uploads\/2025\/01\/IMG_1528-1024x535.jpeg 1024w, https:\/\/www.celinastretz.de\/wp-content\/uploads\/2025\/01\/IMG_1528-768x401.jpeg 768w, https:\/\/www.celinastretz.de\/wp-content\/uploads\/2025\/01\/IMG_1528-1536x802.jpeg 1536w, https:\/\/www.celinastretz.de\/wp-content\/uploads\/2025\/01\/IMG_1528-2048x1069.jpeg 2048w\" sizes=\"auto, (max-width: 300px) 100vw, 300px\" \/><\/div><a class=\"wp-block-latest-posts__post-title\" href=\"https:\/\/www.celinastretz.de\/?p=406\">GUTE LAUNE DRUCK<\/a><\/li>\n<li><div class=\"wp-block-latest-posts__featured-image\"><img loading=\"lazy\" decoding=\"async\" width=\"300\" height=\"154\" src=\"https:\/\/www.celinastretz.de\/wp-content\/uploads\/2025\/11\/Beitragsbild_Handschmetterlinge2-300x154.jpg\" class=\"attachment-medium size-medium wp-post-image\" alt=\"\" style=\"\" srcset=\"https:\/\/www.celinastretz.de\/wp-content\/uploads\/2025\/11\/Beitragsbild_Handschmetterlinge2-300x154.jpg 300w, https:\/\/www.celinastretz.de\/wp-content\/uploads\/2025\/11\/Beitragsbild_Handschmetterlinge2-768x395.jpg 768w, https:\/\/www.celinastretz.de\/wp-content\/uploads\/2025\/11\/Beitragsbild_Handschmetterlinge2.jpg 825w\" sizes=\"auto, (max-width: 300px) 100vw, 300px\" \/><\/div><a class=\"wp-block-latest-posts__post-title\" href=\"https:\/\/www.celinastretz.de\/?p=366\">Hand Schwetterlinge<\/a><\/li>\n<li><div class=\"wp-block-latest-posts__featured-image\"><img loading=\"lazy\" decoding=\"async\" width=\"300\" height=\"154\" src=\"https:\/\/www.celinastretz.de\/wp-content\/uploads\/2025\/11\/Beitragsbild_Tetrapackhefte2-300x154.jpg\" class=\"attachment-medium size-medium wp-post-image\" alt=\"\" style=\"\" srcset=\"https:\/\/www.celinastretz.de\/wp-content\/uploads\/2025\/11\/Beitragsbild_Tetrapackhefte2-300x154.jpg 300w, https:\/\/www.celinastretz.de\/wp-content\/uploads\/2025\/11\/Beitragsbild_Tetrapackhefte2-768x395.jpg 768w, https:\/\/www.celinastretz.de\/wp-content\/uploads\/2025\/11\/Beitragsbild_Tetrapackhefte2.jpg 825w\" sizes=\"auto, (max-width: 300px) 100vw, 300px\" \/><\/div><a class=\"wp-block-latest-posts__post-title\" href=\"https:\/\/www.celinastretz.de\/?p=379\">Milcht\u00fcten B\u00fcchlein<\/a><\/li>\n<li><div class=\"wp-block-latest-posts__featured-image\"><img loading=\"lazy\" decoding=\"async\" width=\"300\" height=\"150\" src=\"https:\/\/www.celinastretz.de\/wp-content\/uploads\/2025\/01\/IMG_1480-300x150.jpeg\" class=\"attachment-medium size-medium wp-post-image\" alt=\"\" style=\"\" srcset=\"https:\/\/www.celinastretz.de\/wp-content\/uploads\/2025\/01\/IMG_1480-300x150.jpeg 300w, https:\/\/www.celinastretz.de\/wp-content\/uploads\/2025\/01\/IMG_1480-1024x513.jpeg 1024w, https:\/\/www.celinastretz.de\/wp-content\/uploads\/2025\/01\/IMG_1480-768x384.jpeg 768w, https:\/\/www.celinastretz.de\/wp-content\/uploads\/2025\/01\/IMG_1480-1536x769.jpeg 1536w, https:\/\/www.celinastretz.de\/wp-content\/uploads\/2025\/01\/IMG_1480-2048x1025.jpeg 2048w\" sizes=\"auto, (max-width: 300px) 100vw, 300px\" \/><\/div><a class=\"wp-block-latest-posts__post-title\" href=\"https:\/\/www.celinastretz.de\/?p=395\">Welt-Beste-Anz\u00fcnder<\/a><\/li>\n<\/ul>\n\n\n<figure class=\"wp-block-image size-full\"><img loading=\"lazy\" decoding=\"async\" width=\"930\" height=\"550\" src=\"http:\/\/www.celinastretz.de\/wp-content\/uploads\/2023\/12\/CelinaStretz2.jpg\" alt=\"\" class=\"wp-image-267\" srcset=\"https:\/\/www.celinastretz.de\/wp-content\/uploads\/2023\/12\/CelinaStretz2.jpg 930w, https:\/\/www.celinastretz.de\/wp-content\/uploads\/2023\/12\/CelinaStretz2-300x177.jpg 300w, https:\/\/www.celinastretz.de\/wp-content\/uploads\/2023\/12\/CelinaStretz2-768x454.jpg 768w\" sizes=\"auto, (max-width: 930px) 100vw, 930px\" \/><\/figure>\n\n\n\n<p><\/p>\n","protected":false},"excerpt":{"rendered":"<p>Ganz NEU: Ihr findet mich nun auch auf Instagram: NaturRecyclingLiebe Workshops, Events, Aktionen um mit mir AKTIV zu werden! \ud83e\udd73 Spezial-Angebot \ud83e\udd73#GuteLauneDruckWorkshop&nbsp; Zwei\/drei Stunden&nbsp;\u2026 bis zu vier Menschen \u2026 in Unterlengenhardt bei mir oder ich komme \u2026 Inkl. allen Materialien !!! \u2026 Termine nach Absprache&nbsp; \ud83e\udd29 80 \u20ac \ud83e\udd29 Egal ob jung oder alt, \u201ebegabt\u201c &hellip; <a href=\"https:\/\/www.celinastretz.de\/?page_id=354\" class=\"more-link\"><span class=\"screen-reader-text\">AKTIV-Angebote<\/span> weiterlesen<\/a><\/p>\n","protected":false},"author":1,"featured_media":266,"parent":0,"menu_order":0,"comment_status":"closed","ping_status":"closed","template":"","meta":{"footnotes":""},"class_list":["post-354","page","type-page","status-publish","has-post-thumbnail","hentry"],"_links":{"self":[{"href":"https:\/\/www.celinastretz.de\/index.php?rest_route=\/wp\/v2\/pages\/354","targetHints":{"allow":["GET"]}}],"collection":[{"href":"https:\/\/www.celinastretz.de\/index.php?rest_route=\/wp\/v2\/pages"}],"about":[{"href":"https:\/\/www.celinastretz.de\/index.php?rest_route=\/wp\/v2\/types\/page"}],"author":[{"embeddable":true,"href":"https:\/\/www.celinastretz.de\/index.php?rest_route=\/wp\/v2\/users\/1"}],"replies":[{"embeddable":true,"href":"https:\/\/www.celinastretz.de\/index.php?rest_route=%2Fwp%2Fv2%2Fcomments&post=354"}],"version-history":[{"count":9,"href":"https:\/\/www.celinastretz.de\/index.php?rest_route=\/wp\/v2\/pages\/354\/revisions"}],"predecessor-version":[{"id":427,"href":"https:\/\/www.celinastretz.de\/index.php?rest_route=\/wp\/v2\/pages\/354\/revisions\/427"}],"wp:featuredmedia":[{"embeddable":true,"href":"https:\/\/www.celinastretz.de\/index.php?rest_route=\/wp\/v2\/media\/266"}],"wp:attachment":[{"href":"https:\/\/www.celinastretz.de\/index.php?rest_route=%2Fwp%2Fv2%2Fmedia&parent=354"}],"curies":[{"name":"wp","href":"https:\/\/api.w.org\/{rel}","templated":true}]}}